{"id":704,"date":"2021-02-11T12:50:53","date_gmt":"2021-02-11T12:50:53","guid":{"rendered":"http:\/\/www.shadowelection.com\/koti\/hehkubusiness\/?page_id=704"},"modified":"2021-02-19T10:26:17","modified_gmt":"2021-02-19T10:26:17","slug":"koulutus-ja-konsultointi","status":"publish","type":"page","link":"http:\/\/www.shadowelection.com\/koti\/hehkubusiness\/index.php\/palvelut\/koulutus-ja-konsultointi\/","title":{"rendered":"Koulutus &#038; konsultointi"},"content":{"rendered":"\t\t<div data-elementor-type=\"wp-page\" data-elementor-id=\"704\" class=\"elementor elementor-704\" data-elementor-settings=\"[]\">\n\t\t\t\t\t\t\t<div class=\"elementor-section-wrap\">\n\t\t\t\t\t\t\t<section class=\"elementor-section elementor-top-section elementor-element elementor-element-f1524a1 elementor-section-boxed elementor-section-height-default elementor-section-height-default\" data-id=\"f1524a1\" data-element_type=\"section\">\n\t\t\t\t\t\t<div class=\"elementor-container elementor-column-gap-default\">\n\t\t\t\t\t<div class=\"elementor-column elementor-col-100 elementor-top-column elementor-element elementor-element-9483f52\" data-id=\"9483f52\" data-element_type=\"column\">\n\t\t\t<div class=\"elementor-widget-wrap elementor-element-populated\">\n\t\t\t\t\t\t\t\t<div class=\"elementor-element elementor-element-94023de elementor-widget elementor-widget-heading\" data-id=\"94023de\" data-element_type=\"widget\" data-widget_type=\"heading.default\">\n\t\t\t\t<div class=\"elementor-widget-container\">\n\t\t\t<h4 class=\"elementor-heading-title elementor-size-default\">Sis\u00e4lt\u00f6\u00e4 ty\u00f6stet\u00e4\u00e4n parhaillaan.<\/h4>\t\t<\/div>\n\t\t\t\t<\/div>\n\t\t\t\t\t<\/div>\n\t\t<\/div>\n\t\t\t\t\t\t\t<\/div>\n\t\t<\/section>\n\t\t\t\t<section class=\"elementor-section elementor-top-section elementor-element elementor-element-00b32b9 elementor-section-boxed elementor-section-height-default elementor-section-height-default\" data-id=\"00b32b9\" data-element_type=\"section\">\n\t\t\t\t\t\t<div class=\"elementor-container elementor-column-gap-default\">\n\t\t\t\t\t\t\t\t<\/div>\n\t\t<\/section>\n\t\t\t\t\t\t<\/div>\n\t\t\t\t\t<\/div>\n\t\t","protected":false},"excerpt":{"rendered":"<p>Sis\u00e4lt\u00f6\u00e4 ty\u00f6stet\u00e4\u00e4n parhaillaan.<\/p>\n","protected":false},"author":1,"featured_media":0,"parent":2,"menu_order":1,"comment_status":"closed","ping_status":"closed","template":"page-templates\/pagebuilder.php","meta":[],"_links":{"self":[{"href":"http:\/\/www.shadowelection.com\/koti\/hehkubusiness\/index.php\/wp-json\/wp\/v2\/pages\/704"}],"collection":[{"href":"http:\/\/www.shadowelection.com\/koti\/hehkubusiness\/index.php\/wp-json\/wp\/v2\/pages"}],"about":[{"href":"http:\/\/www.shadowelection.com\/koti\/hehkubusiness\/index.php\/wp-json\/wp\/v2\/types\/page"}],"author":[{"embeddable":true,"href":"http:\/\/www.shadowelection.com\/koti\/hehkubusiness\/index.php\/wp-json\/wp\/v2\/users\/1"}],"replies":[{"embeddable":true,"href":"http:\/\/www.shadowelection.com\/koti\/hehkubusiness\/index.php\/wp-json\/wp\/v2\/comments?post=704"}],"version-history":[{"count":8,"href":"http:\/\/www.shadowelection.com\/koti\/hehkubusiness\/index.php\/wp-json\/wp\/v2\/pages\/704\/revisions"}],"predecessor-version":[{"id":1147,"href":"http:\/\/www.shadowelection.com\/koti\/hehkubusiness\/index.php\/wp-json\/wp\/v2\/pages\/704\/revisions\/1147"}],"up":[{"embeddable":true,"href":"http:\/\/www.shadowelection.com\/koti\/hehkubusiness\/index.php\/wp-json\/wp\/v2\/pages\/2"}],"wp:attachment":[{"href":"http:\/\/www.shadowelection.com\/koti\/hehkubusiness\/index.php\/wp-json\/wp\/v2\/media?parent=704"}],"curies":[{"name":"wp","href":"https:\/\/api.w.org\/{rel}","templated":true}]}}